{"id":1866,"date":"2020-02-04T10:17:39","date_gmt":"2020-02-04T10:17:39","guid":{"rendered":"http:\/\/wpdemo.archiwp.com\/engitech\/?page_id=1866"},"modified":"2021-09-06T20:07:15","modified_gmt":"2021-09-06T20:07:15","slug":"webzoneus-portfolio","status":"publish","type":"page","link":"https:\/\/www.webzoneus.com\/es\/webzoneus-portfolio\/","title":{"rendered":"Portafolio"},"content":{"rendered":"<div data-elementor-type=\"wp-page\" data-elementor-id=\"1866\" class=\"elementor elementor-1866\" data-elementor-settings=\"[]\">\n\t\t\t\t\t\t\t<div class=\"elementor-section-wrap\">\n\t\t\t\t\t\t\t<section class=\"elementor-section elementor-top-section elementor-element elementor-element-dd247bf ot-traditional elementor-section-boxed elementor-section-height-default elementor-section-height-default\" data-id=\"dd247bf\" data-element_type=\"section\">\n\t\t\t\t\t\t<div class=\"elementor-container elementor-column-gap-default\">\n\t\t\t\t\t<div class=\"elementor-column elementor-col-100 elementor-top-column elementor-element elementor-element-1f4e0cb ot-flex-column-vertical\" data-id=\"1f4e0cb\" data-element_type=\"column\">\n\t\t\t<div class=\"elementor-widget-wrap elementor-element-populated\">\n\t\t\t\t\t\t\t\t<div class=\"elementor-element elementor-element-cd09ac1 elementor-widget elementor-widget-iheading\" data-id=\"cd09ac1\" data-element_type=\"widget\" data-widget_type=\"iheading.default\">\n\t\t\t\t<div class=\"elementor-widget-container\">\n\t\t\t\t\t<div class=\"ot-heading\">\r\n\t        \t            <span>\/\/ estudios de casos destacados<\/span>\r\n\t        <h2 class=\"main-heading\">Nuestros proyectos<\/h2>\t    <\/div>\r\n\t    \t\t<\/div>\n\t\t\t\t<\/div>\n\t\t\t\t<div class=\"elementor-element elementor-element-27b73fe elementor-widget elementor-widget-text-editor\" data-id=\"27b73fe\" data-element_type=\"widget\" data-widget_type=\"text-editor.default\">\n\t\t\t\t<div class=\"elementor-widget-container\">\n\t\t\t\t\t\t\t<div id=\"dnn_ctr423_ModuleContent\" class=\"DNNModuleContent ModDNNHTMLC\"><div id=\"dnn_ctr423_HtmlModule_lblContent\" class=\"Normal\"><p>Estos estudios de casos presentan algunos de los trabajos y desaf\u00edos que hemos encontrado y resuelto al trabajar para empresas como la suya.<\/p><p>No podemos dar detalles espec\u00edficos en relaci\u00f3n con muchos de los proyectos debido a las restricciones de NDA, pero estaremos encantados de reunirnos con usted personalmente para discutir su proyecto. Puede estar seguro de que la soluci\u00f3n que construyamos para usted ser\u00e1 tan exitosa como estos ejemplos presentados a continuaci\u00f3n.<\/p><h3 class=\"c_title wsc_title\"><span id=\"dnn_ctr443_dnnTITLE_titleLabel\" class=\"TitleHead\">Estos son s\u00f3lo algunos proyectos seleccionados de desarrollo web y software a medida. P\u00f3ngase en contacto con nosotros para obtener m\u00e1s referencias.<\/span><\/h3><\/div><\/div>\t\t\t\t\t\t<\/div>\n\t\t\t\t<\/div>\n\t\t\t\t<div class=\"elementor-element elementor-element-52770ed elementor-invisible elementor-widget elementor-widget-ipfilter\" data-id=\"52770ed\" data-element_type=\"widget\" data-settings=\"{&quot;_animation&quot;:&quot;fadeInDown&quot;}\" data-widget_type=\"ipfilter.default\">\n\t\t\t\t<div class=\"elementor-widget-container\">\n\t\t\t\r\n\t\t<div class=\"project-filter-wrapper\">\r\n\t                \t\t<ul class=\"project_filters\">\r\n        \t\t\t        \t\t\t \t<li><a href=\"#\" data-filter=\"*\" class=\"selected\">Todos<\/a><\/li>\r\n        \t\t\t\t                \t                    <li><a href='#' data-filter='.category-16'>Tecnolog\u00edas bancarias<\/a><\/li>\t                    \r\n\t                \t                    <li><a href='#' data-filter='.category-14'>Dise\u00f1o Web<\/a><\/li>\t                    \r\n\t                \t                    <li><a href='#' data-filter='.category-15'>Desarrollo Web<\/a><\/li>\t                    \r\n\t                \t\t\t\t<\/ul>\r\n\t        \r\n\t        <div class=\"projects-grid projects-style-1\">\r\n\t        \t\r\n\t            \r\n\t            \t<div class=\"project-item category-15\">\r\n\t\t\t\t\t\t<div class=\"projects-box\">\r\n\t\t\t\t\t\t\t<div class=\"projects-thumbnail\">\r\n\t\t\t\t\t\t\t\t<a href=\"https:\/\/www.webzoneus.com\/es\/portfolio\/labcorp\/\">\r\n\t\t\t\t\t\t\t\t\t<img loading=\"lazy\" decoding=\"async\" width=\"700\" height=\"365\" src=\"https:\/\/www.webzoneus.com\/wp-content\/uploads\/2019\/11\/labcorp-logo-small.jpg\" class=\"attachment-engitech-portfolio-thumbnail-grid size-engitech-portfolio-thumbnail-grid wp-post-image\" alt=\"\" srcset=\"https:\/\/www.webzoneus.com\/wp-content\/uploads\/2019\/11\/labcorp-logo-small.jpg 700w, https:\/\/www.webzoneus.com\/wp-content\/uploads\/2019\/11\/labcorp-logo-small-300x156.jpg 300w\" sizes=\"auto, (max-width: 700px) 100vw, 700px\" \/>\t\t\t\t\t\t\t\t<\/a>\r\n\t\t\t\t\t\t\t<\/div>\r\n\t\t\t\t\t\t\t<div class=\"portfolio-info\">\r\n\t\t\t\t\t\t\t\t<a class=\"overlay\" href=\"https:\/\/www.webzoneus.com\/es\/portfolio\/labcorp\/\"><\/a>\t\t\t\t\t\t\t\t<div class=\"portfolio-info-inner\">\r\n\t\t\t\t\t\t\t\t\t<h5><a href=\"https:\/\/www.webzoneus.com\/es\/portfolio\/labcorp\/\">Estudio de caso: Labcorp<\/a><\/h5>\r\n\t\t\t\t\t\t\t\t\t<p class=\"portfolio-cates\"><a href=\"https:\/\/www.webzoneus.com\/es\/portfolio-category\/development\/\">Desarrollo Web<\/a><span>\/<\/span><\/p> \r\n\t\t\t\t\t\t\t\t<\/div>\r\n\t\t\t\t\t\t\t<\/div>\r\n\t\t\t\t\t\t<\/div>\r\n\t\t\t\t\t<\/div>\r\n\r\n\t            \r\n\t            \t<div class=\"project-item category-16 category-15\">\r\n\t\t\t\t\t\t<div class=\"projects-box\">\r\n\t\t\t\t\t\t\t<div class=\"projects-thumbnail\">\r\n\t\t\t\t\t\t\t\t<a href=\"https:\/\/www.webzoneus.com\/es\/portfolio\/otp-authentication-systems\/\">\r\n\t\t\t\t\t\t\t\t\t<img loading=\"lazy\" decoding=\"async\" width=\"720\" height=\"678\" src=\"https:\/\/www.webzoneus.com\/wp-content\/uploads\/2021\/09\/tg2-720x678.jpg\" class=\"attachment-engitech-portfolio-thumbnail-grid size-engitech-portfolio-thumbnail-grid wp-post-image\" alt=\"\" \/>\t\t\t\t\t\t\t\t<\/a>\r\n\t\t\t\t\t\t\t<\/div>\r\n\t\t\t\t\t\t\t<div class=\"portfolio-info\">\r\n\t\t\t\t\t\t\t\t<a class=\"overlay\" href=\"https:\/\/www.webzoneus.com\/es\/portfolio\/otp-authentication-systems\/\"><\/a>\t\t\t\t\t\t\t\t<div class=\"portfolio-info-inner\">\r\n\t\t\t\t\t\t\t\t\t<h5><a href=\"https:\/\/www.webzoneus.com\/es\/portfolio\/otp-authentication-systems\/\">Sistemas de autenticaci\u00f3n OTP<\/a><\/h5>\r\n\t\t\t\t\t\t\t\t\t<p class=\"portfolio-cates\"><a href=\"https:\/\/www.webzoneus.com\/es\/portfolio-category\/technologies\/\">Tecnolog\u00edas bancarias<\/a><span>\/<\/span><a href=\"https:\/\/www.webzoneus.com\/es\/portfolio-category\/development\/\">Desarrollo Web<\/a><span>\/<\/span><\/p> \r\n\t\t\t\t\t\t\t\t<\/div>\r\n\t\t\t\t\t\t\t<\/div>\r\n\t\t\t\t\t\t<\/div>\r\n\t\t\t\t\t<\/div>\r\n\r\n\t            \r\n\t            \t<div class=\"project-item category-15\">\r\n\t\t\t\t\t\t<div class=\"projects-box\">\r\n\t\t\t\t\t\t\t<div class=\"projects-thumbnail\">\r\n\t\t\t\t\t\t\t\t<a href=\"https:\/\/www.webzoneus.com\/es\/portfolio\/gsfs-group\/\">\r\n\t\t\t\t\t\t\t\t\t<img loading=\"lazy\" decoding=\"async\" width=\"550\" height=\"250\" src=\"https:\/\/www.webzoneus.com\/wp-content\/uploads\/2019\/11\/gsfsgroup-logo-5.png\" class=\"attachment-engitech-portfolio-thumbnail-grid size-engitech-portfolio-thumbnail-grid wp-post-image\" alt=\"\" srcset=\"https:\/\/www.webzoneus.com\/wp-content\/uploads\/2019\/11\/gsfsgroup-logo-5.png 550w, https:\/\/www.webzoneus.com\/wp-content\/uploads\/2019\/11\/gsfsgroup-logo-5-300x136.png 300w\" sizes=\"auto, (max-width: 550px) 100vw, 550px\" \/>\t\t\t\t\t\t\t\t<\/a>\r\n\t\t\t\t\t\t\t<\/div>\r\n\t\t\t\t\t\t\t<div class=\"portfolio-info\">\r\n\t\t\t\t\t\t\t\t<a class=\"overlay\" href=\"https:\/\/www.webzoneus.com\/es\/portfolio\/gsfs-group\/\"><\/a>\t\t\t\t\t\t\t\t<div class=\"portfolio-info-inner\">\r\n\t\t\t\t\t\t\t\t\t<h5><a href=\"https:\/\/www.webzoneus.com\/es\/portfolio\/gsfs-group\/\">Estudio de caso: GSFS Group<\/a><\/h5>\r\n\t\t\t\t\t\t\t\t\t<p class=\"portfolio-cates\"><a href=\"https:\/\/www.webzoneus.com\/es\/portfolio-category\/development\/\">Desarrollo Web<\/a><span>\/<\/span><\/p> \r\n\t\t\t\t\t\t\t\t<\/div>\r\n\t\t\t\t\t\t\t<\/div>\r\n\t\t\t\t\t\t<\/div>\r\n\t\t\t\t\t<\/div>\r\n\r\n\t            \r\n\t            \t<div class=\"project-item category-15\">\r\n\t\t\t\t\t\t<div class=\"projects-box\">\r\n\t\t\t\t\t\t\t<div class=\"projects-thumbnail\">\r\n\t\t\t\t\t\t\t\t<a href=\"https:\/\/www.webzoneus.com\/es\/portfolio\/pgsi-pg-golf\/\">\r\n\t\t\t\t\t\t\t\t\t<img loading=\"lazy\" decoding=\"async\" width=\"720\" height=\"720\" src=\"https:\/\/www.webzoneus.com\/wp-content\/uploads\/2019\/11\/pggolf-logo-720x720.jpg\" class=\"attachment-engitech-portfolio-thumbnail-grid size-engitech-portfolio-thumbnail-grid wp-post-image\" alt=\"\" srcset=\"https:\/\/www.webzoneus.com\/wp-content\/uploads\/2019\/11\/pggolf-logo-720x720.jpg 720w, https:\/\/www.webzoneus.com\/wp-content\/uploads\/2019\/11\/pggolf-logo-150x150.jpg 150w\" sizes=\"auto, (max-width: 720px) 100vw, 720px\" \/>\t\t\t\t\t\t\t\t<\/a>\r\n\t\t\t\t\t\t\t<\/div>\r\n\t\t\t\t\t\t\t<div class=\"portfolio-info\">\r\n\t\t\t\t\t\t\t\t<a class=\"overlay\" href=\"https:\/\/www.webzoneus.com\/es\/portfolio\/pgsi-pg-golf\/\"><\/a>\t\t\t\t\t\t\t\t<div class=\"portfolio-info-inner\">\r\n\t\t\t\t\t\t\t\t\t<h5><a href=\"https:\/\/www.webzoneus.com\/es\/portfolio\/pgsi-pg-golf\/\">Estudio de caso: PGSI<\/a><\/h5>\r\n\t\t\t\t\t\t\t\t\t<p class=\"portfolio-cates\"><a href=\"https:\/\/www.webzoneus.com\/es\/portfolio-category\/development\/\">Desarrollo Web<\/a><span>\/<\/span><\/p> \r\n\t\t\t\t\t\t\t\t<\/div>\r\n\t\t\t\t\t\t\t<\/div>\r\n\t\t\t\t\t\t<\/div>\r\n\t\t\t\t\t<\/div>\r\n\r\n\t            \r\n\t            \t<div class=\"project-item category-15\">\r\n\t\t\t\t\t\t<div class=\"projects-box\">\r\n\t\t\t\t\t\t\t<div class=\"projects-thumbnail\">\r\n\t\t\t\t\t\t\t\t<a href=\"https:\/\/www.webzoneus.com\/es\/portfolio\/md-anderson-case-study\/\">\r\n\t\t\t\t\t\t\t\t\t<img loading=\"lazy\" decoding=\"async\" width=\"702\" height=\"404\" src=\"https:\/\/www.webzoneus.com\/wp-content\/uploads\/2019\/11\/mdanderson.jpg\" class=\"attachment-engitech-portfolio-thumbnail-grid size-engitech-portfolio-thumbnail-grid wp-post-image\" alt=\"\" srcset=\"https:\/\/www.webzoneus.com\/wp-content\/uploads\/2019\/11\/mdanderson.jpg 702w, https:\/\/www.webzoneus.com\/wp-content\/uploads\/2019\/11\/mdanderson-300x173.jpg 300w\" sizes=\"auto, (max-width: 702px) 100vw, 702px\" \/>\t\t\t\t\t\t\t\t<\/a>\r\n\t\t\t\t\t\t\t<\/div>\r\n\t\t\t\t\t\t\t<div class=\"portfolio-info\">\r\n\t\t\t\t\t\t\t\t<a class=\"overlay\" href=\"https:\/\/www.webzoneus.com\/es\/portfolio\/md-anderson-case-study\/\"><\/a>\t\t\t\t\t\t\t\t<div class=\"portfolio-info-inner\">\r\n\t\t\t\t\t\t\t\t\t<h5><a href=\"https:\/\/www.webzoneus.com\/es\/portfolio\/md-anderson-case-study\/\">Estudio de caso: MD Anderson<\/a><\/h5>\r\n\t\t\t\t\t\t\t\t\t<p class=\"portfolio-cates\"><a href=\"https:\/\/www.webzoneus.com\/es\/portfolio-category\/development\/\">Desarrollo Web<\/a><span>\/<\/span><\/p> \r\n\t\t\t\t\t\t\t\t<\/div>\r\n\t\t\t\t\t\t\t<\/div>\r\n\t\t\t\t\t\t<\/div>\r\n\t\t\t\t\t<\/div>\r\n\r\n\t            \r\n\t            \t<div class=\"project-item category-15\">\r\n\t\t\t\t\t\t<div class=\"projects-box\">\r\n\t\t\t\t\t\t\t<div class=\"projects-thumbnail\">\r\n\t\t\t\t\t\t\t\t<a href=\"https:\/\/www.webzoneus.com\/es\/portfolio\/rawson-lp\/\">\r\n\t\t\t\t\t\t\t\t\t<img loading=\"lazy\" decoding=\"async\" width=\"500\" height=\"250\" src=\"https:\/\/www.webzoneus.com\/wp-content\/uploads\/2019\/11\/rawson-raw-3.jpg\" class=\"attachment-engitech-portfolio-thumbnail-grid size-engitech-portfolio-thumbnail-grid wp-post-image\" alt=\"\" srcset=\"https:\/\/www.webzoneus.com\/wp-content\/uploads\/2019\/11\/rawson-raw-3.jpg 500w, https:\/\/www.webzoneus.com\/wp-content\/uploads\/2019\/11\/rawson-raw-3-300x150.jpg 300w\" sizes=\"auto, (max-width: 500px) 100vw, 500px\" \/>\t\t\t\t\t\t\t\t<\/a>\r\n\t\t\t\t\t\t\t<\/div>\r\n\t\t\t\t\t\t\t<div class=\"portfolio-info\">\r\n\t\t\t\t\t\t\t\t<a class=\"overlay\" href=\"https:\/\/www.webzoneus.com\/es\/portfolio\/rawson-lp\/\"><\/a>\t\t\t\t\t\t\t\t<div class=\"portfolio-info-inner\">\r\n\t\t\t\t\t\t\t\t\t<h5><a href=\"https:\/\/www.webzoneus.com\/es\/portfolio\/rawson-lp\/\">Estudio de caso: Rawson<\/a><\/h5>\r\n\t\t\t\t\t\t\t\t\t<p class=\"portfolio-cates\"><a href=\"https:\/\/www.webzoneus.com\/es\/portfolio-category\/development\/\">Desarrollo Web<\/a><span>\/<\/span><\/p> \r\n\t\t\t\t\t\t\t\t<\/div>\r\n\t\t\t\t\t\t\t<\/div>\r\n\t\t\t\t\t\t<\/div>\r\n\t\t\t\t\t<\/div>\r\n\r\n\t            \t        <\/div>\r\n\t    <\/div>\r\n\r\n\t    \t\t<\/div>\n\t\t\t\t<\/div>\n\t\t\t\t\t<\/div>\n\t\t<\/div>\n\t\t\t\t\t\t\t<\/div>\n\t\t<\/section>\n\t\t\t\t\t\t<\/div>\n\t\t\t\t\t<\/div>","protected":false},"excerpt":{"rendered":"<p>\/\/ featured case studies Our Projects These case studies feature some of the work and challenges we&#8217;ve ran across and solved when working for businesses like yours. We can&#8217;t give specific details in regards to many of the projects due to NDA restrictions, but we&#8217;ll be glad to meet with you personally to discuss your [&hellip;]<\/p>","protected":false},"author":1,"featured_media":0,"parent":0,"menu_order":0,"comment_status":"closed","ping_status":"closed","template":"","meta":{"footnotes":""},"class_list":["post-1866","page","type-page","status-publish","hentry"],"_links":{"self":[{"href":"https:\/\/www.webzoneus.com\/es\/wp-json\/wp\/v2\/pages\/1866","targetHints":{"allow":["GET"]}}],"collection":[{"href":"https:\/\/www.webzoneus.com\/es\/wp-json\/wp\/v2\/pages"}],"about":[{"href":"https:\/\/www.webzoneus.com\/es\/wp-json\/wp\/v2\/types\/page"}],"author":[{"embeddable":true,"href":"https:\/\/www.webzoneus.com\/es\/wp-json\/wp\/v2\/users\/1"}],"replies":[{"embeddable":true,"href":"https:\/\/www.webzoneus.com\/es\/wp-json\/wp\/v2\/comments?post=1866"}],"version-history":[{"count":10,"href":"https:\/\/www.webzoneus.com\/es\/wp-json\/wp\/v2\/pages\/1866\/revisions"}],"predecessor-version":[{"id":6263,"href":"https:\/\/www.webzoneus.com\/es\/wp-json\/wp\/v2\/pages\/1866\/revisions\/6263"}],"wp:attachment":[{"href":"https:\/\/www.webzoneus.com\/es\/wp-json\/wp\/v2\/media?parent=1866"}],"curies":[{"name":"wp","href":"https:\/\/api.w.org\/{rel}","templated":true}]}}