{"id":2076,"date":"2020-02-25T08:41:33","date_gmt":"2020-02-25T08:41:33","guid":{"rendered":"http:\/\/wpdemo.archiwp.com\/engitech\/?page_id=2076"},"modified":"2021-09-12T19:19:45","modified_gmt":"2021-09-12T19:19:45","slug":"mobile-development","status":"publish","type":"page","link":"https:\/\/www.webzoneus.com\/es\/mobile-development\/","title":{"rendered":"Desarrollo para m\u00f3viles"},"content":{"rendered":"<div data-elementor-type=\"wp-page\" data-elementor-id=\"2076\" class=\"elementor elementor-2076\" data-elementor-settings=\"[]\">\n\t\t\t\t\t\t\t<div class=\"elementor-section-wrap\">\n\t\t\t\t\t\t\t<section class=\"elementor-section elementor-top-section elementor-element elementor-element-3847011 ot-traditional elementor-section-boxed elementor-section-height-default elementor-section-height-default\" data-id=\"3847011\" data-element_type=\"section\" data-settings=\"{&quot;background_background&quot;:&quot;classic&quot;}\">\n\t\t\t\t\t\t<div class=\"elementor-container elementor-column-gap-default\">\n\t\t\t\t\t<div class=\"elementor-column elementor-col-100 elementor-top-column elementor-element elementor-element-058b47a ot-flex-column-vertical\" data-id=\"058b47a\" data-element_type=\"column\">\n\t\t\t<div class=\"elementor-widget-wrap elementor-element-populated\">\n\t\t\t\t\t\t\t\t<div class=\"elementor-element elementor-element-21e74e9 elementor-widget elementor-widget-spacer\" data-id=\"21e74e9\" data-element_type=\"widget\" data-widget_type=\"spacer.default\">\n\t\t\t\t<div class=\"elementor-widget-container\">\n\t\t\t\t\t<div class=\"elementor-spacer\">\n\t\t\t<div class=\"elementor-spacer-inner\"><\/div>\n\t\t<\/div>\n\t\t\t\t<\/div>\n\t\t\t\t<\/div>\n\t\t\t\t<div class=\"elementor-element elementor-element-3bbb40e elementor-widget elementor-widget-iheading\" data-id=\"3bbb40e\" data-element_type=\"widget\" data-widget_type=\"iheading.default\">\n\t\t\t\t<div class=\"elementor-widget-container\">\n\t\t\t\t\t<div class=\"ot-heading\">\r\n\t        \t            <span>\/\/ Datos concretos<\/span>\r\n\t        <h2 class=\"main-heading\">Tiempo que se pasa en l\u00ednea en el m\u00f3vil versus en el ordenador<\/h2>\t    <\/div>\r\n\t    \t\t<\/div>\n\t\t\t\t<\/div>\n\t\t\t\t<div class=\"elementor-element elementor-element-6dc9f01 elementor-widget elementor-widget-text-editor\" data-id=\"6dc9f01\" data-element_type=\"widget\" data-widget_type=\"text-editor.default\">\n\t\t\t\t<div class=\"elementor-widget-container\">\n\t\t\t\t\t\t\t<p>La preferencia de los usuarios a la hora de pasar su tiempo en l\u00ednea lleva tiempo evolucionando, con una clara inclinaci\u00f3n a preferir el acceso a trav\u00e9s de aplicaciones m\u00f3viles frente a las soluciones de escritorio. Esta tendencia sigue ampli\u00e1ndose. Los datos siguientes muestran el tiempo que se pasa en el m\u00f3vil versus el tiempo en el ordenador.<\/p><p>En este escenario, es esencial para las empresas modernas interactuar con sus clientes y usuarios a trav\u00e9s de una interfaz m\u00f3vil.<\/p>\t\t\t\t\t\t<\/div>\n\t\t\t\t<\/div>\n\t\t\t\t<div class=\"elementor-element elementor-element-5d64064 elementor-widget elementor-widget-iprogress\" data-id=\"5d64064\" data-element_type=\"widget\" data-widget_type=\"iprogress.default\">\n\t\t\t\t<div class=\"elementor-widget-container\">\n\t\t\t\r\n\t\t\t\t<div class=\"ot-progress\">\r\n\t\t\t<div class=\"overflow\">\r\n\t        \t<span class=\"pname f-left\">Todos<\/span>\t        \t<span class=\"ppercent f-right\">77.2%<\/span>\t        <\/div>\r\n\t        <div class=\"iprogress\">\r\n\t\t\t\t<div class=\"progress-bar\" data-percent=\"77.2%\"><\/div>\r\n\t\t\t<\/div>\r\n\t    <\/div>\r\n\t\t\t\t<\/div>\n\t\t\t\t<\/div>\n\t\t\t\t<div class=\"elementor-element elementor-element-16a0732 elementor-widget elementor-widget-iprogress\" data-id=\"16a0732\" data-element_type=\"widget\" data-widget_type=\"iprogress.default\">\n\t\t\t\t<div class=\"elementor-widget-container\">\n\t\t\t\r\n\t\t\t\t<div class=\"ot-progress\">\r\n\t\t\t<div class=\"overflow\">\r\n\t        \t<span class=\"pname f-left\">Hombres<\/span>\t        \t<span class=\"ppercent f-right\">69.2%<\/span>\t        <\/div>\r\n\t        <div class=\"iprogress\">\r\n\t\t\t\t<div class=\"progress-bar\" data-percent=\"69.2%\"><\/div>\r\n\t\t\t<\/div>\r\n\t    <\/div>\r\n\t\t\t\t<\/div>\n\t\t\t\t<\/div>\n\t\t\t\t<div class=\"elementor-element elementor-element-0973354 elementor-widget elementor-widget-iprogress\" data-id=\"0973354\" data-element_type=\"widget\" data-widget_type=\"iprogress.default\">\n\t\t\t\t<div class=\"elementor-widget-container\">\n\t\t\t\r\n\t\t\t\t<div class=\"ot-progress\">\r\n\t\t\t<div class=\"overflow\">\r\n\t        \t<span class=\"pname f-left\">Mujeres<\/span>\t        \t<span class=\"ppercent f-right\">83.5%<\/span>\t        <\/div>\r\n\t        <div class=\"iprogress\">\r\n\t\t\t\t<div class=\"progress-bar\" data-percent=\"83.5%\"><\/div>\r\n\t\t\t<\/div>\r\n\t    <\/div>\r\n\t\t\t\t<\/div>\n\t\t\t\t<\/div>\n\t\t\t\t<div class=\"elementor-element elementor-element-97e34f7 elementor-widget elementor-widget-iprogress\" data-id=\"97e34f7\" data-element_type=\"widget\" data-widget_type=\"iprogress.default\">\n\t\t\t\t<div class=\"elementor-widget-container\">\n\t\t\t\r\n\t\t\t\t<div class=\"ot-progress\">\r\n\t\t\t<div class=\"overflow\">\r\n\t        \t<span class=\"pname f-left\">18-24 a\u00f1os<\/span>\t        \t<span class=\"ppercent f-right\">84.1%<\/span>\t        <\/div>\r\n\t        <div class=\"iprogress\">\r\n\t\t\t\t<div class=\"progress-bar\" data-percent=\"84.1%\"><\/div>\r\n\t\t\t<\/div>\r\n\t    <\/div>\r\n\t\t\t\t<\/div>\n\t\t\t\t<\/div>\n\t\t\t\t<div class=\"elementor-element elementor-element-bd809e2 elementor-widget elementor-widget-iprogress\" data-id=\"bd809e2\" data-element_type=\"widget\" data-widget_type=\"iprogress.default\">\n\t\t\t\t<div class=\"elementor-widget-container\">\n\t\t\t\r\n\t\t\t\t<div class=\"ot-progress\">\r\n\t\t\t<div class=\"overflow\">\r\n\t        \t<span class=\"pname f-left\">25-34 a\u00f1os<\/span>\t        \t<span class=\"ppercent f-right\">80.6%<\/span>\t        <\/div>\r\n\t        <div class=\"iprogress\">\r\n\t\t\t\t<div class=\"progress-bar\" data-percent=\"80.6%\"><\/div>\r\n\t\t\t<\/div>\r\n\t    <\/div>\r\n\t\t\t\t<\/div>\n\t\t\t\t<\/div>\n\t\t\t\t<div class=\"elementor-element elementor-element-a30b6bc elementor-widget elementor-widget-iprogress\" data-id=\"a30b6bc\" data-element_type=\"widget\" data-widget_type=\"iprogress.default\">\n\t\t\t\t<div class=\"elementor-widget-container\">\n\t\t\t\r\n\t\t\t\t<div class=\"ot-progress\">\r\n\t\t\t<div class=\"overflow\">\r\n\t        \t<span class=\"pname f-left\">35-54 a\u00f1os<\/span>\t        \t<span class=\"ppercent f-right\">77.4%<\/span>\t        <\/div>\r\n\t        <div class=\"iprogress\">\r\n\t\t\t\t<div class=\"progress-bar\" data-percent=\"77.4%\"><\/div>\r\n\t\t\t<\/div>\r\n\t    <\/div>\r\n\t\t\t\t<\/div>\n\t\t\t\t<\/div>\n\t\t\t\t<div class=\"elementor-element elementor-element-e2b005d elementor-widget elementor-widget-iprogress\" data-id=\"e2b005d\" data-element_type=\"widget\" data-widget_type=\"iprogress.default\">\n\t\t\t\t<div class=\"elementor-widget-container\">\n\t\t\t\r\n\t\t\t\t<div class=\"ot-progress\">\r\n\t\t\t<div class=\"overflow\">\r\n\t        \t<span class=\"pname f-left\">55+ a\u00f1os<\/span>\t        \t<span class=\"ppercent f-right\">68.1%<\/span>\t        <\/div>\r\n\t        <div class=\"iprogress\">\r\n\t\t\t\t<div class=\"progress-bar\" data-percent=\"68.1%\"><\/div>\r\n\t\t\t<\/div>\r\n\t    <\/div>\r\n\t\t\t\t<\/div>\n\t\t\t\t<\/div>\n\t\t\t\t\t<\/div>\n\t\t<\/div>\n\t\t\t\t\t\t\t<\/div>\n\t\t<\/section>\n\t\t\t\t<section class=\"elementor-section elementor-top-section elementor-element elementor-element-856000d elementor-section-full_width elementor-section-content-middle elementor-hidden-desktop elementor-hidden-phone ot-traditional elementor-section-height-default elementor-section-height-default\" data-id=\"856000d\" data-element_type=\"section\">\n\t\t\t\t\t\t<div class=\"elementor-container elementor-column-gap-no\">\n\t\t\t\t\t<div class=\"elementor-column elementor-col-50 elementor-top-column elementor-element elementor-element-938eb79 ot-flex-column-vertical\" data-id=\"938eb79\" data-element_type=\"column\">\n\t\t\t<div class=\"elementor-widget-wrap elementor-element-populated\">\n\t\t\t\t\t\t\t\t<div class=\"elementor-element elementor-element-d036be5 elementor-widget elementor-widget-icounter2\" data-id=\"d036be5\" data-element_type=\"widget\" data-widget_type=\"icounter2.default\">\n\t\t\t\t<div class=\"elementor-widget-container\">\n\t\t\t\t\t\t<div class=\"ot-counter2\">\r\n\t\t\t\t<div class=\"s-num\">\r\n\t\t\t\t\t<span class=\"num\" data-to=\"2.5\" data-time= \"2000\"><\/span><span>k<\/span>\r\n\t\t\t\t<\/div>\r\n\t\t\t\t<h6>Happy Customers<\/h6>\t\t\t        \r\n\t\t\t\t<p>To succeed, every software solution must be deeply integrated into the existing tech environment...<\/p>  \r\n\t\t\t\t<a href=\"#\" class=\"btn-details\"><i class=\"flaticon-right-arrow-1\"><\/i> M\u00c1S INFORMACI\u00d3N<\/a>\r\n\t\t\t\t<div class=\"b-num\">\r\n\t\t\t\t\t2.5k\t\t\t\t<\/div>    \r\n\t\t\t<\/div>\r\n\t    \t\t<\/div>\n\t\t\t\t<\/div>\n\t\t\t\t\t<\/div>\n\t\t<\/div>\n\t\t\t\t<div class=\"elementor-column elementor-col-50 elementor-top-column elementor-element elementor-element-3119d82 ot-flex-column-vertical\" data-id=\"3119d82\" data-element_type=\"column\" data-settings=\"{&quot;background_background&quot;:&quot;classic&quot;}\">\n\t\t\t<div class=\"elementor-widget-wrap elementor-element-populated\">\n\t\t\t\t\t\t\t\t<div class=\"elementor-element elementor-element-692d972 elementor-widget elementor-widget-spacer\" data-id=\"692d972\" data-element_type=\"widget\" data-widget_type=\"spacer.default\">\n\t\t\t\t<div class=\"elementor-widget-container\">\n\t\t\t\t\t<div class=\"elementor-spacer\">\n\t\t\t<div class=\"elementor-spacer-inner\"><\/div>\n\t\t<\/div>\n\t\t\t\t<\/div>\n\t\t\t\t<\/div>\n\t\t\t\t\t<\/div>\n\t\t<\/div>\n\t\t\t\t\t\t\t<\/div>\n\t\t<\/section>\n\t\t\t\t<section class=\"elementor-section elementor-top-section elementor-element elementor-element-623c8be elementor-section-content-middle ot-traditional elementor-section-boxed elementor-section-height-default elementor-section-height-default\" data-id=\"623c8be\" data-element_type=\"section\" data-settings=\"{&quot;background_background&quot;:&quot;classic&quot;}\">\n\t\t\t\t\t\t<div class=\"elementor-container elementor-column-gap-extended\">\n\t\t\t\t\t<div class=\"elementor-column elementor-col-50 elementor-top-column elementor-element elementor-element-0ae302b ot-flex-column-vertical\" data-id=\"0ae302b\" data-element_type=\"column\">\n\t\t\t<div class=\"elementor-widget-wrap elementor-element-populated\">\n\t\t\t\t\t\t\t\t<div class=\"elementor-element elementor-element-c283bc8 elementor-widget elementor-widget-image\" data-id=\"c283bc8\" data-element_type=\"widget\" data-widget_type=\"image.default\">\n\t\t\t\t<div class=\"elementor-widget-container\">\n\t\t\t\t\t\t\t\t\t\t\t\t\t\t\t<img loading=\"lazy\" decoding=\"async\" width=\"710\" height=\"697\" src=\"https:\/\/www.webzoneus.com\/wp-content\/uploads\/2020\/02\/apple-w.png\" class=\"attachment-full size-full\" alt=\"\" \/>\t\t\t\t\t\t\t\t\t\t\t\t\t\t\t<\/div>\n\t\t\t\t<\/div>\n\t\t\t\t\t<\/div>\n\t\t<\/div>\n\t\t\t\t<div class=\"elementor-column elementor-col-50 elementor-top-column elementor-element elementor-element-61f7561 ot-flex-column-vertical\" data-id=\"61f7561\" data-element_type=\"column\">\n\t\t\t<div class=\"elementor-widget-wrap elementor-element-populated\">\n\t\t\t\t\t\t\t\t<div class=\"elementor-element elementor-element-02f2689 elementor-widget elementor-widget-iheading\" data-id=\"02f2689\" data-element_type=\"widget\" data-widget_type=\"iheading.default\">\n\t\t\t\t<div class=\"elementor-widget-container\">\n\t\t\t\t\t<div class=\"ot-heading\">\r\n\t        \t            <span>\/\/ lo que ofrecemos<\/span>\r\n\t        <h2 class=\"main-heading\">Desarrollo de aplicaciones m\u00f3viles para cualquier dispositivo<\/h2>\t    <\/div>\r\n\t    \t\t<\/div>\n\t\t\t\t<\/div>\n\t\t\t\t<div class=\"elementor-element elementor-element-69c09ac elementor-widget elementor-widget-text-editor\" data-id=\"69c09ac\" data-element_type=\"widget\" data-widget_type=\"text-editor.default\">\n\t\t\t\t<div class=\"elementor-widget-container\">\n\t\t\t\t\t\t\t<p>Somos capaces de construir aplicaciones para dispositivos iOS y Android. Tanto para smartphones como para tablets.<\/p><p><strong><em>webzoneUS<\/em><\/strong> es su socio para el desarrollo de aplicaciones m\u00f3viles (aplicaciones nativas, aplicaciones web e h\u00edbridas).<\/p><p>Entendemos las necesidades de nuestros clientes y por eso nuestros proyectos nunca son un fin en s\u00ed mismo, sino que desarrollamos aplicaciones m\u00f3viles que se integran con todos los sistemas existentes y tienen caracter\u00edsticas de escalabilidad y flexibilidad que aseguran que est\u00e9n siempre a la vanguardia y listas para adaptarse a las nuevas necesidades de su negocio.<\/p>\t\t\t\t\t\t<\/div>\n\t\t\t\t<\/div>\n\t\t\t\t\t<\/div>\n\t\t<\/div>\n\t\t\t\t\t\t\t<\/div>\n\t\t<\/section>\n\t\t\t\t<section class=\"elementor-section elementor-top-section elementor-element elementor-element-f05bd29 ot-traditional elementor-section-boxed elementor-section-height-default elementor-section-height-default\" data-id=\"f05bd29\" data-element_type=\"section\" data-settings=\"{&quot;background_background&quot;:&quot;classic&quot;}\">\n\t\t\t\t\t\t<div class=\"elementor-container elementor-column-gap-default\">\n\t\t\t\t\t<div class=\"elementor-column elementor-col-100 elementor-top-column elementor-element elementor-element-5f97977 ot-flex-column-vertical\" data-id=\"5f97977\" data-element_type=\"column\">\n\t\t\t<div class=\"elementor-widget-wrap elementor-element-populated\">\n\t\t\t\t\t\t\t\t<div class=\"elementor-element elementor-element-a05533b elementor-widget elementor-widget-heading\" data-id=\"a05533b\" data-element_type=\"widget\" data-widget_type=\"heading.default\">\n\t\t\t\t<div class=\"elementor-widget-container\">\n\t\t\t<p class=\"elementor-heading-title elementor-size-default\">\u00bfTiene preguntas? Tenemos las respuestas.<\/p>\t\t<\/div>\n\t\t\t\t<\/div>\n\t\t\t\t<div class=\"elementor-element elementor-element-7e51e8f elementor-widget elementor-widget-heading\" data-id=\"7e51e8f\" data-element_type=\"widget\" data-widget_type=\"heading.default\">\n\t\t\t\t<div class=\"elementor-widget-container\">\n\t\t\t<h2 class=\"elementor-heading-title elementor-size-default\">\u00bfNECESITA UNA CONSULTA?<\/h2>\t\t<\/div>\n\t\t\t\t<\/div>\n\t\t\t\t<div class=\"elementor-element elementor-element-0460fdf elementor-align-center elementor-widget elementor-widget-ibutton\" data-id=\"0460fdf\" data-element_type=\"widget\" data-widget_type=\"ibutton.default\">\n\t\t\t\t<div class=\"elementor-widget-container\">\n\t\t\t\t\t<div class=\"ot-button\">\r\n\t\t\t<a href=\"https:\/\/www.webzoneus.com\/es\/contacts\/\" class=\"octf-btn octf-btn-primary\">Cont\u00e1ctenos<\/a>\r\n\t    <\/div>\r\n\t    \t\t<\/div>\n\t\t\t\t<\/div>\n\t\t\t\t\t<\/div>\n\t\t<\/div>\n\t\t\t\t\t\t\t<\/div>\n\t\t<\/section>\n\t\t\t\t<section class=\"elementor-section elementor-top-section elementor-element elementor-element-ceb8531 elementor-section-full_width ot-traditional elementor-section-height-default elementor-section-height-default\" data-id=\"ceb8531\" data-element_type=\"section\" data-settings=\"{&quot;background_background&quot;:&quot;classic&quot;}\">\n\t\t\t\t\t\t<div class=\"elementor-container elementor-column-gap-default\">\n\t\t\t\t\t<div class=\"elementor-column elementor-col-100 elementor-top-column elementor-element elementor-element-a5ff0a1 ot-flex-column-vertical\" data-id=\"a5ff0a1\" data-element_type=\"column\">\n\t\t\t<div class=\"elementor-widget-wrap elementor-element-populated\">\n\t\t\t\t\t\t\t\t<section class=\"elementor-section elementor-inner-section elementor-element elementor-element-aad0458 elementor-section-content-bottom ot-traditional elementor-section-boxed elementor-section-height-default elementor-section-height-default\" data-id=\"aad0458\" data-element_type=\"section\">\n\t\t\t\t\t\t<div class=\"elementor-container elementor-column-gap-extended\">\n\t\t\t\t\t<div class=\"elementor-column elementor-col-50 elementor-inner-column elementor-element elementor-element-3dea8e6 ot-flex-column-vertical\" data-id=\"3dea8e6\" data-element_type=\"column\">\n\t\t\t<div class=\"elementor-widget-wrap elementor-element-populated\">\n\t\t\t\t\t\t\t\t<div class=\"elementor-element elementor-element-7e5463d elementor-widget elementor-widget-iheading\" data-id=\"7e5463d\" data-element_type=\"widget\" data-widget_type=\"iheading.default\">\n\t\t\t\t<div class=\"elementor-widget-container\">\n\t\t\t\t\t<div class=\"ot-heading\">\r\n\t        \t            <span>\/\/ estudios de casos destacados<\/span>\r\n\t        <h2 class=\"main-heading\">Conozca a algunos de nuestros clientes<\/h2>\t    <\/div>\r\n\t    \t\t<\/div>\n\t\t\t\t<\/div>\n\t\t\t\t\t<\/div>\n\t\t<\/div>\n\t\t\t\t<div class=\"elementor-column elementor-col-50 elementor-inner-column elementor-element elementor-element-4754380 ot-flex-column-vertical\" data-id=\"4754380\" data-element_type=\"column\">\n\t\t\t<div class=\"elementor-widget-wrap elementor-element-populated\">\n\t\t\t\t\t\t\t\t<div class=\"elementor-element elementor-element-af2bc52 elementor-widget elementor-widget-text-editor\" data-id=\"af2bc52\" data-element_type=\"widget\" data-widget_type=\"text-editor.default\">\n\t\t\t\t<div class=\"elementor-widget-container\">\n\t\t\t\t\t\t\t<p>Estos estudios de casos presentan algunos de los trabajos y retos que hemos encontrado y resuelto al trabajar para empresas como la suya.<\/p>\t\t\t\t\t\t<\/div>\n\t\t\t\t<\/div>\n\t\t\t\t\t<\/div>\n\t\t<\/div>\n\t\t\t\t\t\t\t<\/div>\n\t\t<\/section>\n\t\t\t\t<section class=\"elementor-section elementor-inner-section elementor-element elementor-element-54288e1 elementor-section-full_width elementor-section-content-bottom ot-traditional elementor-section-height-default elementor-section-height-default\" data-id=\"54288e1\" data-element_type=\"section\">\n\t\t\t\t\t\t<div class=\"elementor-container elementor-column-gap-extended\">\n\t\t\t\t\t<div class=\"elementor-column elementor-col-100 elementor-inner-column elementor-element elementor-element-c9d4707 ot-flex-column-vertical\" data-id=\"c9d4707\" data-element_type=\"column\">\n\t\t\t<div class=\"elementor-widget-wrap elementor-element-populated\">\n\t\t\t\t\t\t\t\t<div class=\"elementor-element elementor-element-e636ae7 elementor-widget elementor-widget-irprojects\" data-id=\"e636ae7\" data-element_type=\"widget\" data-widget_type=\"irprojects.default\">\n\t\t\t\t<div class=\"elementor-widget-container\">\n\t\t\t\t\t<div class=\"project-slider\" data-center=\"true\" data-show=\"2\" data-scroll=\"2\" data-arrow=\"false\" data-dots=\"true\">\r\n\t\t\t\t\t\t<div class=\"project-item projects-style-2\">\r\n\t\t\t\t<div class=\"projects-box\">\r\n\t\t\t\t\t<div class=\"projects-thumbnail\">\r\n\t\t\t\t\t\t<a href=\"https:\/\/www.webzoneus.com\/es\/portfolio\/methanetracker\/\">\r\n\t\t\t\t\t\t\t<img loading=\"lazy\" decoding=\"async\" width=\"720\" height=\"520\" src=\"https:\/\/www.webzoneus.com\/wp-content\/uploads\/2021\/09\/methanetracker-1-720x520.jpg\" class=\"attachment-engitech-portfolio-thumbnail-carousel size-engitech-portfolio-thumbnail-carousel wp-post-image\" alt=\"\" \/>\t\t\t\t\t\t\t<span class=\"overlay\"><\/span>\r\n\t\t\t\t\t\t<\/a>\r\n\t\t\t\t\t<\/div>\r\n\t\t\t\t\t<div class=\"portfolio-info\">\r\n\t\t\t\t\t\t<div class=\"portfolio-info-inner\">\r\n\t\t\t\t\t\t\t<a class=\"btn-link\" href=\"https:\/\/www.webzoneus.com\/es\/portfolio\/methanetracker\/\"><i class=\"flaticon-right-arrow-1\"><\/i><\/a>\r\n\t\t\t\t\t\t\t<h5><a href=\"https:\/\/www.webzoneus.com\/es\/portfolio\/methanetracker\/\">Methane Tracker<\/a><\/h5>\r\n\t\t\t\t\t\t\t<p class=\"portfolio-cates\"><a href=\"https:\/\/www.webzoneus.com\/es\/portfolio-category\/design\/\">Dise\u00f1o Web<\/a><span>\/<\/span><a href=\"https:\/\/www.webzoneus.com\/es\/portfolio-category\/development\/\">Desarrollo Web<\/a><span>\/<\/span><\/p> \r\n\t\t\t\t\t\t<\/div>\r\n\t\t\t\t\t<\/div>\r\n\t\t\t\t<\/div>\r\n\t\t\t<\/div>\r\n\r\n\t\t\t\t\t\t<div class=\"project-item projects-style-2\">\r\n\t\t\t\t<div class=\"projects-box\">\r\n\t\t\t\t\t<div class=\"projects-thumbnail\">\r\n\t\t\t\t\t\t<a href=\"https:\/\/www.webzoneus.com\/es\/portfolio\/travertson-2\/\">\r\n\t\t\t\t\t\t\t<img loading=\"lazy\" decoding=\"async\" width=\"720\" height=\"504\" src=\"https:\/\/www.webzoneus.com\/wp-content\/uploads\/2019\/11\/travertson-main-icon-720x504.jpg\" class=\"attachment-engitech-portfolio-thumbnail-carousel size-engitech-portfolio-thumbnail-carousel wp-post-image\" alt=\"\" \/>\t\t\t\t\t\t\t<span class=\"overlay\"><\/span>\r\n\t\t\t\t\t\t<\/a>\r\n\t\t\t\t\t<\/div>\r\n\t\t\t\t\t<div class=\"portfolio-info\">\r\n\t\t\t\t\t\t<div class=\"portfolio-info-inner\">\r\n\t\t\t\t\t\t\t<a class=\"btn-link\" href=\"https:\/\/www.webzoneus.com\/es\/portfolio\/travertson-2\/\"><i class=\"flaticon-right-arrow-1\"><\/i><\/a>\r\n\t\t\t\t\t\t\t<h5><a href=\"https:\/\/www.webzoneus.com\/es\/portfolio\/travertson-2\/\">travertson.com<\/a><\/h5>\r\n\t\t\t\t\t\t\t<p class=\"portfolio-cates\"><a href=\"https:\/\/www.webzoneus.com\/es\/portfolio-category\/design\/\">Dise\u00f1o Web<\/a><span>\/<\/span><\/p> \r\n\t\t\t\t\t\t<\/div>\r\n\t\t\t\t\t<\/div>\r\n\t\t\t\t<\/div>\r\n\t\t\t<\/div>\r\n\r\n\t\t\t\t    <\/div>\r\n\t    \t\t<\/div>\n\t\t\t\t<\/div>\n\t\t\t\t\t<\/div>\n\t\t<\/div>\n\t\t\t\t\t\t\t<\/div>\n\t\t<\/section>\n\t\t\t\t\t<\/div>\n\t\t<\/div>\n\t\t\t\t\t\t\t<\/div>\n\t\t<\/section>\n\t\t\t\t\t\t<\/div>\n\t\t\t\t\t<\/div>","protected":false},"excerpt":{"rendered":"<p>\/\/ Real data Time Spent Online on Mobile vs Computer The preference of users to spend their time online has been evolving for some time, with a clear tendency to prefer access via mobile applications versus desktop solutions. This trend continues to broaden. The data below shows the time spent on mobile versus a computer. [&hellip;]<\/p>","protected":false},"author":1,"featured_media":0,"parent":0,"menu_order":0,"comment_status":"closed","ping_status":"closed","template":"","meta":{"footnotes":""},"class_list":["post-2076","page","type-page","status-publish","hentry"],"_links":{"self":[{"href":"https:\/\/www.webzoneus.com\/es\/wp-json\/wp\/v2\/pages\/2076","targetHints":{"allow":["GET"]}}],"collection":[{"href":"https:\/\/www.webzoneus.com\/es\/wp-json\/wp\/v2\/pages"}],"about":[{"href":"https:\/\/www.webzoneus.com\/es\/wp-json\/wp\/v2\/types\/page"}],"author":[{"embeddable":true,"href":"https:\/\/www.webzoneus.com\/es\/wp-json\/wp\/v2\/users\/1"}],"replies":[{"embeddable":true,"href":"https:\/\/www.webzoneus.com\/es\/wp-json\/wp\/v2\/comments?post=2076"}],"version-history":[{"count":31,"href":"https:\/\/www.webzoneus.com\/es\/wp-json\/wp\/v2\/pages\/2076\/revisions"}],"predecessor-version":[{"id":6539,"href":"https:\/\/www.webzoneus.com\/es\/wp-json\/wp\/v2\/pages\/2076\/revisions\/6539"}],"wp:attachment":[{"href":"https:\/\/www.webzoneus.com\/es\/wp-json\/wp\/v2\/media?parent=2076"}],"curies":[{"name":"wp","href":"https:\/\/api.w.org\/{rel}","templated":true}]}}