{"id":2218,"date":"2020-02-27T07:07:32","date_gmt":"2020-02-27T07:07:32","guid":{"rendered":"http:\/\/wpdemo.archiwp.com\/engitech\/?page_id=2218"},"modified":"2021-09-06T21:58:28","modified_gmt":"2021-09-06T21:58:28","slug":"about-webzoneus-omar-cabrera","status":"publish","type":"page","link":"https:\/\/www.webzoneus.com\/es\/about-webzoneus-omar-cabrera\/","title":{"rendered":"Acerca de nosotros"},"content":{"rendered":"<div data-elementor-type=\"wp-page\" data-elementor-id=\"2218\" class=\"elementor elementor-2218\" data-elementor-settings=\"[]\">\n\t\t\t\t\t\t\t<div class=\"elementor-section-wrap\">\n\t\t\t\t\t\t\t<section class=\"elementor-section elementor-top-section elementor-element elementor-element-5afeb9b ot-traditional elementor-section-boxed elementor-section-height-default elementor-section-height-default\" data-id=\"5afeb9b\" data-element_type=\"section\">\n\t\t\t\t\t\t<div class=\"elementor-container elementor-column-gap-extended\">\n\t\t\t\t\t<div class=\"elementor-column elementor-col-100 elementor-top-column elementor-element elementor-element-643ec12 ot-flex-column-vertical\" data-id=\"643ec12\" data-element_type=\"column\">\n\t\t\t<div class=\"elementor-widget-wrap elementor-element-populated\">\n\t\t\t\t\t\t\t\t<section class=\"elementor-section elementor-inner-section elementor-element elementor-element-1c441b7 elementor-section-full_width ot-traditional elementor-section-height-default elementor-section-height-default\" data-id=\"1c441b7\" data-element_type=\"section\">\n\t\t\t\t\t\t<div class=\"elementor-container elementor-column-gap-extended\">\n\t\t\t\t\t<div class=\"elementor-column elementor-col-50 elementor-inner-column elementor-element elementor-element-c198a81 ot-flex-column-vertical\" data-id=\"c198a81\" data-element_type=\"column\" data-settings=\"{&quot;background_background&quot;:&quot;classic&quot;}\">\n\t\t\t<div class=\"elementor-widget-wrap elementor-element-populated\">\n\t\t\t\t\t\t\t\t<div class=\"elementor-element elementor-element-8b13b38 elementor-widget elementor-widget-image\" data-id=\"8b13b38\" data-element_type=\"widget\" data-widget_type=\"image.default\">\n\t\t\t\t<div class=\"elementor-widget-container\">\n\t\t\t\t\t\t\t\t\t\t\t\t\t\t\t<img loading=\"lazy\" decoding=\"async\" width=\"800\" height=\"983\" src=\"https:\/\/www.webzoneus.com\/wp-content\/uploads\/2021\/09\/omarpic4.jpg\" class=\"attachment-full size-full\" alt=\"\" srcset=\"https:\/\/www.webzoneus.com\/wp-content\/uploads\/2021\/09\/omarpic4.jpg 800w, https:\/\/www.webzoneus.com\/wp-content\/uploads\/2021\/09\/omarpic4-244x300.jpg 244w, https:\/\/www.webzoneus.com\/wp-content\/uploads\/2021\/09\/omarpic4-768x944.jpg 768w, https:\/\/www.webzoneus.com\/wp-content\/uploads\/2021\/09\/omarpic4-720x885.jpg 720w\" sizes=\"auto, (max-width: 800px) 100vw, 800px\" \/>\t\t\t\t\t\t\t\t\t\t\t\t\t\t\t<\/div>\n\t\t\t\t<\/div>\n\t\t\t\t\t<\/div>\n\t\t<\/div>\n\t\t\t\t<div class=\"elementor-column elementor-col-50 elementor-inner-column elementor-element elementor-element-88e96ea ot-flex-column-vertical\" data-id=\"88e96ea\" data-element_type=\"column\" data-settings=\"{&quot;background_background&quot;:&quot;classic&quot;}\">\n\t\t\t<div class=\"elementor-widget-wrap elementor-element-populated\">\n\t\t\t\t\t\t\t\t<div class=\"elementor-element elementor-element-f09cff0 elementor-widget elementor-widget-heading\" data-id=\"f09cff0\" data-element_type=\"widget\" data-widget_type=\"heading.default\">\n\t\t\t\t<div class=\"elementor-widget-container\">\n\t\t\t<h2 class=\"elementor-heading-title elementor-size-default\">Omar Cabrera<\/h2>\t\t<\/div>\n\t\t\t\t<\/div>\n\t\t\t\t<div class=\"elementor-element elementor-element-ae31495 elementor-widget elementor-widget-heading\" data-id=\"ae31495\" data-element_type=\"widget\" data-widget_type=\"heading.default\">\n\t\t\t\t<div class=\"elementor-widget-container\">\n\t\t\t<span class=\"elementor-heading-title elementor-size-default\">Presidente de webzoneUS<\/span>\t\t<\/div>\n\t\t\t\t<\/div>\n\t\t\t\t<div class=\"elementor-element elementor-element-2b777df elementor-widget elementor-widget-text-editor\" data-id=\"2b777df\" data-element_type=\"widget\" data-widget_type=\"text-editor.default\">\n\t\t\t\t<div class=\"elementor-widget-container\">\n\t\t\t\t\t\t\t<ul class=\"bold member-info\"><li><span class=\"text-dark\">Especialidad:<\/span> Desarrollo Web<\/li><li><span class=\"text-dark\">Experiencia:<\/span> 35 a\u00f1os<\/li><li><span class=\"text-dark\">Email:<\/span> <a href=\"mailto:omar@webzoneus.com\">omar@webzoneus.com<\/a><\/li><li><span class=\"text-dark\">Tel\u00e9fono:<\/span> <a href=\"tel:8326188305\">+1 832-618-8305<\/a><\/li><\/ul>\t\t\t\t\t\t<\/div>\n\t\t\t\t<\/div>\n\t\t\t\t<div class=\"elementor-element elementor-element-2ef9f36 elementor-widget elementor-widget-otsocialshare\" data-id=\"2ef9f36\" data-element_type=\"widget\" data-widget_type=\"otsocialshare.default\">\n\t\t\t\t<div class=\"elementor-widget-container\">\n\t\t\t<div class=\"otf-social-share clearfix shape-circle\"><a class=\"share-facebook\" href=\"https:\/\/www.facebook.com\/sharer\/sharer.php?u=https%3A%2F%2Fwww.webzoneus.com%2Fes%2Fabout-webzoneus-omar-cabrera%2F\" target=\"_blank\"><i class=\"fab fa-facebook-f\"><\/i><\/a><a class=\"share-twitter\" href=\"https:\/\/twitter.com\/intent\/tweet?text=About+Us&amp;url=https%3A%2F%2Fwww.webzoneus.com%2Fes%2Fabout-webzoneus-omar-cabrera%2F&amp;via=WebZoneUS\" target=\"_blank\"><i class=\"fab fa-twitter\"><\/i><\/a><a class=\"share-pinterest\" href=\"https:\/\/pinterest.com\/pin\/create\/button\/?url=https%3A%2F%2Fwww.webzoneus.com%2Fes%2Fabout-webzoneus-omar-cabrera%2F&amp;media=&amp;description=About+Us\" data-pin-custom=\"true\" target=\"_blank\"><i class=\"fab fa-pinterest-p\"><\/i><\/a><a class=\"share-linkedin\" href=\"https:\/\/www.linkedin.com\/shareArticle?mini=true&url=https%3A%2F%2Fwww.webzoneus.com%2Fes%2Fabout-webzoneus-omar-cabrera%2F&amp;title=About+Us\" target=\"_blank\"><i class=\"fab fa-linkedin-in\"><\/i><\/a><\/div>\t\t<\/div>\n\t\t\t\t<\/div>\n\t\t\t\t\t<\/div>\n\t\t<\/div>\n\t\t\t\t\t\t\t<\/div>\n\t\t<\/section>\n\t\t\t\t<section class=\"elementor-section elementor-inner-section elementor-element elementor-element-f026c05 elementor-section-full_width ot-traditional elementor-section-height-default elementor-section-height-default\" data-id=\"f026c05\" data-element_type=\"section\">\n\t\t\t\t\t\t<div class=\"elementor-container elementor-column-gap-default\">\n\t\t\t\t\t<div class=\"elementor-column elementor-col-100 elementor-inner-column elementor-element elementor-element-8fe1d10 ot-flex-column-vertical\" data-id=\"8fe1d10\" data-element_type=\"column\">\n\t\t\t<div class=\"elementor-widget-wrap elementor-element-populated\">\n\t\t\t\t\t\t\t\t<div class=\"elementor-element elementor-element-f3331e2 elementor-widget elementor-widget-heading\" data-id=\"f3331e2\" data-element_type=\"widget\" data-widget_type=\"heading.default\">\n\t\t\t\t<div class=\"elementor-widget-container\">\n\t\t\t<h3 class=\"elementor-heading-title elementor-size-default\">Biograf\u00eda<\/h3>\t\t<\/div>\n\t\t\t\t<\/div>\n\t\t\t\t<div class=\"elementor-element elementor-element-a4caa87 elementor-widget elementor-widget-text-editor\" data-id=\"a4caa87\" data-element_type=\"widget\" data-widget_type=\"text-editor.default\">\n\t\t\t\t<div class=\"elementor-widget-container\">\n\t\t\t\t\t\t\t<p>Desde que Omar Cabrera, el presidente de webzoneUS, se gradu\u00f3 con distinci\u00f3n como programador de software en 1986, ha estado escribiendo c\u00f3digo para empresas de todo el mundo. Ha construido m\u00e1s de 1000 sitios web personalizados y ha innovado en m\u00faltiples soluciones web, muchas de ellas para renombradas empresas de Fortune 100 y Fortune 500. Las creaciones de Omar van desde aplicaciones de seguridad y bancarias hasta el desarrollo de uno de los primeros sistemas de gesti\u00f3n de contenidos (CMS) espec\u00edficamente constru\u00eddo para obtener el m\u00e1ximo posicionamiento en Google, pasando por la creaci\u00f3n de CRMs, sistemas de gesti\u00f3n de aprendizaje y aplicaciones de redes sociales, as\u00ed como software de gesti\u00f3n de reputaci\u00f3n y muchas aplicaciones personalizadas... por nombrar algunas. Omar es el fundador de WebZoneUS y revisa el c\u00f3digo as\u00ed como gestiona los proyectos.<\/p>\t\t\t\t\t\t<\/div>\n\t\t\t\t<\/div>\n\t\t\t\t<div class=\"elementor-element elementor-element-a8f9512 elementor-widget elementor-widget-spacer\" data-id=\"a8f9512\" data-element_type=\"widget\" data-widget_type=\"spacer.default\">\n\t\t\t\t<div class=\"elementor-widget-container\">\n\t\t\t\t\t<div class=\"elementor-spacer\">\n\t\t\t<div class=\"elementor-spacer-inner\"><\/div>\n\t\t<\/div>\n\t\t\t\t<\/div>\n\t\t\t\t<\/div>\n\t\t\t\t<div class=\"elementor-element elementor-element-674b5ae elementor-widget-divider--view-line elementor-widget elementor-widget-divider\" data-id=\"674b5ae\" data-element_type=\"widget\" data-widget_type=\"divider.default\">\n\t\t\t\t<div class=\"elementor-widget-container\">\n\t\t\t\t\t<div class=\"elementor-divider\">\n\t\t\t<span class=\"elementor-divider-separator\">\n\t\t\t\t\t\t<\/span>\n\t\t<\/div>\n\t\t\t\t<\/div>\n\t\t\t\t<\/div>\n\t\t\t\t\t<\/div>\n\t\t<\/div>\n\t\t\t\t\t\t\t<\/div>\n\t\t<\/section>\n\t\t\t\t<section class=\"elementor-section elementor-inner-section elementor-element elementor-element-feb5ef5 elementor-section-full_width elementor-section-content-middle ot-traditional elementor-section-height-default elementor-section-height-default\" data-id=\"feb5ef5\" data-element_type=\"section\">\n\t\t\t\t\t\t<div class=\"elementor-container elementor-column-gap-extended\">\n\t\t\t\t\t<div class=\"elementor-column elementor-col-33 elementor-inner-column elementor-element elementor-element-9147fd9 ot-flex-column-vertical\" data-id=\"9147fd9\" data-element_type=\"column\">\n\t\t\t<div class=\"elementor-widget-wrap elementor-element-populated\">\n\t\t\t\t\t\t\t\t<div class=\"elementor-element elementor-element-ff7647b elementor-widget elementor-widget-heading\" data-id=\"ff7647b\" data-element_type=\"widget\" data-widget_type=\"heading.default\">\n\t\t\t\t<div class=\"elementor-widget-container\">\n\t\t\t<h6 class=\"elementor-heading-title elementor-size-default\">Nuestra filosof\u00eda:<\/h6>\t\t<\/div>\n\t\t\t\t<\/div>\n\t\t\t\t<div class=\"elementor-element elementor-element-7a19b13 elementor-widget elementor-widget-text-editor\" data-id=\"7a19b13\" data-element_type=\"widget\" data-widget_type=\"text-editor.default\">\n\t\t\t\t<div class=\"elementor-widget-container\">\n\t\t\t\t\t\t\t<p>Creemos en un enfoque sin rodeos. Ofrecemos un asesoramiento pr\u00e1ctico y realista y nos hemos convertido en una empresa especializada en proyectos que la industria general considera demasiado complicados o que superan las capacidades de su empresa. Ning\u00fan proyecto es demasiado grande o demasiado dif\u00edcil para webzoneUS. <\/p>\t\t\t\t\t\t<\/div>\n\t\t\t\t<\/div>\n\t\t\t\t\t<\/div>\n\t\t<\/div>\n\t\t\t\t<div class=\"elementor-column elementor-col-33 elementor-inner-column elementor-element elementor-element-b510f96 ot-flex-column-vertical\" data-id=\"b510f96\" data-element_type=\"column\">\n\t\t\t<div class=\"elementor-widget-wrap elementor-element-populated\">\n\t\t\t\t\t\t\t\t<div class=\"elementor-element elementor-element-531003c elementor-widget elementor-widget-iprogress\" data-id=\"531003c\" data-element_type=\"widget\" data-widget_type=\"iprogress.default\">\n\t\t\t\t<div class=\"elementor-widget-container\">\n\t\t\t\r\n\t\t\t\t<div class=\"circle-progress flex-middle\" data-color=\"#43BAFF\" data-height=\"10\" data-size=\"135\">\r\n\t\t\t<div class=\"inner-bar\" data-percent=\"50\">\r\n\t\t\t\t<span>\r\n\t\t\t\t\t<span class=\"percent\">50<\/span>%\t\t\t\t<\/span>\r\n\t\t\t<\/div>\r\n\t\t\t<h4>Soluciones \"llave en mano\" completadas en menos de 10 meses<\/h4>\t\t<\/div>\r\n\t\t\r\n\t    \t\t<\/div>\n\t\t\t\t<\/div>\n\t\t\t\t\t<\/div>\n\t\t<\/div>\n\t\t\t\t<div class=\"elementor-column elementor-col-33 elementor-inner-column elementor-element elementor-element-18f8553 ot-flex-column-vertical\" data-id=\"18f8553\" data-element_type=\"column\">\n\t\t\t<div class=\"elementor-widget-wrap elementor-element-populated\">\n\t\t\t\t\t\t\t\t<div class=\"elementor-element elementor-element-d7090eb elementor-widget elementor-widget-iprogress\" data-id=\"d7090eb\" data-element_type=\"widget\" data-widget_type=\"iprogress.default\">\n\t\t\t\t<div class=\"elementor-widget-container\">\n\t\t\t\r\n\t\t\t\t<div class=\"circle-progress flex-middle\" data-color=\"#43BAFF\" data-height=\"10\" data-size=\"135\">\r\n\t\t\t<div class=\"inner-bar\" data-percent=\"70\">\r\n\t\t\t\t<span>\r\n\t\t\t\t\t<span class=\"percent\">70<\/span>%\t\t\t\t<\/span>\r\n\t\t\t<\/div>\r\n\t\t\t<h4>Sitios web construidos en menos de un mes<\/h4>\t\t<\/div>\r\n\t\t\r\n\t    \t\t<\/div>\n\t\t\t\t<\/div>\n\t\t\t\t\t<\/div>\n\t\t<\/div>\n\t\t\t\t\t\t\t<\/div>\n\t\t<\/section>\n\t\t\t\t<div class=\"elementor-element elementor-element-1cc0873 elementor-widget-divider--view-line elementor-widget elementor-widget-divider\" data-id=\"1cc0873\" data-element_type=\"widget\" data-widget_type=\"divider.default\">\n\t\t\t\t<div class=\"elementor-widget-container\">\n\t\t\t\t\t<div class=\"elementor-divider\">\n\t\t\t<span class=\"elementor-divider-separator\">\n\t\t\t\t\t\t<\/span>\n\t\t<\/div>\n\t\t\t\t<\/div>\n\t\t\t\t<\/div>\n\t\t\t\t<section class=\"elementor-section elementor-inner-section elementor-element elementor-element-df29560 elementor-section-full_width ot-traditional elementor-section-height-default elementor-section-height-default\" data-id=\"df29560\" data-element_type=\"section\">\n\t\t\t\t\t\t<div class=\"elementor-container elementor-column-gap-default\">\n\t\t\t\t\t<div class=\"elementor-column elementor-col-100 elementor-inner-column elementor-element elementor-element-096a7ae ot-flex-column-vertical\" data-id=\"096a7ae\" data-element_type=\"column\">\n\t\t\t<div class=\"elementor-widget-wrap elementor-element-populated\">\n\t\t\t\t\t\t\t\t<div class=\"elementor-element elementor-element-50f5430 elementor-widget elementor-widget-heading\" data-id=\"50f5430\" data-element_type=\"widget\" data-widget_type=\"heading.default\">\n\t\t\t\t<div class=\"elementor-widget-container\">\n\t\t\t<h3 class=\"elementor-heading-title elementor-size-default\">De nuestro director<\/h3>\t\t<\/div>\n\t\t\t\t<\/div>\n\t\t\t\t<div class=\"elementor-element elementor-element-e1a1cb7 elementor-widget elementor-widget-text-editor\" data-id=\"e1a1cb7\" data-element_type=\"widget\" data-widget_type=\"text-editor.default\">\n\t\t\t\t<div class=\"elementor-widget-container\">\n\t\t\t\t\t\t\t<blockquote><p>Como presidente de webzoneUS, me considero, ante todo, un solucionador de problemas. Creo que el \u00e9xito que tenemos como empresa es el resultado directo de nuestro enfoque de cada proyecto como un conjunto de problemas que sabemos que podemos resolver.<\/p><p>Los \"problemas\" son muy variados. Desde c\u00f3mo puede una nueva empresa atraer con \u00e9xito a nuevos clientes potenciales con un presupuesto inicial que le permita crecer desde el principio, hasta la implantaci\u00f3n de aplicaciones bancarias seguras, pasando por la interconexi\u00f3n con los mayores proveedores de tecnolog\u00eda bancaria del mundo, la forma de mantener la clasificaci\u00f3n en los motores de b\u00fasqueda en sitios web antiguos que necesitan ser redise\u00f1ados, la forma de interpretar datos 2D procedentes de sat\u00e9lites y mapearlos como una capa 3D, o la creaci\u00f3n de complejas ecuaciones matem\u00e1ticas para ofrecer soluciones innovadoras.<\/p><p>El denominador com\u00fan es que nunca categorizamos un proyecto como \"desarrollo de software\" o \"dise\u00f1o web\", sino que consideramos de forma hol\u00edstica todas las soluciones que necesitamos cumplir para el cliente. Al tiempo que nos aseguramos de que todo funcione de acuerdo con esos objetivos.<\/p><p>Aplicamos los conocimientos acumulados en m\u00faltiples plataformas diferentes, como ladrillos para estructurar soluciones integrales y s\u00f3lidas.<\/p><p>Gracias a nuestro enfoque innovador a todos los retos que se nos han presentado, hemos tenido y seguimos teniendo mucho \u00e9xito<\/p><p><cite>&#8211; Omar Cabrera<\/cite><\/p><\/blockquote>\t\t\t\t\t\t<\/div>\n\t\t\t\t<\/div>\n\t\t\t\t\t<\/div>\n\t\t<\/div>\n\t\t\t\t\t\t\t<\/div>\n\t\t<\/section>\n\t\t\t\t\t<\/div>\n\t\t<\/div>\n\t\t\t\t\t\t\t<\/div>\n\t\t<\/section>\n\t\t\t\t\t\t<\/div>\n\t\t\t\t\t<\/div>","protected":false},"excerpt":{"rendered":"<p>Omar Cabrera President of webzoneUS Expertise: Web Development Experience: 35 Years Email: omar@webzoneus.com Phone: +1 832-618-8305 Biography Since Omar Cabrera, the president of webzoneUS, graduated with distinction as software programmer back in 1986, he has been writing code for companies all over the world. He has built 1000+ custom websites and innovated manifold web solutions [&hellip;]<\/p>","protected":false},"author":1,"featured_media":0,"parent":0,"menu_order":0,"comment_status":"closed","ping_status":"closed","template":"","meta":{"footnotes":""},"class_list":["post-2218","page","type-page","status-publish","hentry"],"_links":{"self":[{"href":"https:\/\/www.webzoneus.com\/es\/wp-json\/wp\/v2\/pages\/2218","targetHints":{"allow":["GET"]}}],"collection":[{"href":"https:\/\/www.webzoneus.com\/es\/wp-json\/wp\/v2\/pages"}],"about":[{"href":"https:\/\/www.webzoneus.com\/es\/wp-json\/wp\/v2\/types\/page"}],"author":[{"embeddable":true,"href":"https:\/\/www.webzoneus.com\/es\/wp-json\/wp\/v2\/users\/1"}],"replies":[{"embeddable":true,"href":"https:\/\/www.webzoneus.com\/es\/wp-json\/wp\/v2\/comments?post=2218"}],"version-history":[{"count":68,"href":"https:\/\/www.webzoneus.com\/es\/wp-json\/wp\/v2\/pages\/2218\/revisions"}],"predecessor-version":[{"id":6495,"href":"https:\/\/www.webzoneus.com\/es\/wp-json\/wp\/v2\/pages\/2218\/revisions\/6495"}],"wp:attachment":[{"href":"https:\/\/www.webzoneus.com\/es\/wp-json\/wp\/v2\/media?parent=2218"}],"curies":[{"name":"wp","href":"https:\/\/api.w.org\/{rel}","templated":true}]}}